{"id":10530,"date":"2025-08-13T03:47:01","date_gmt":"2025-08-13T03:47:01","guid":{"rendered":"https:\/\/s-solutionphuquoc.123websitedev.com\/?page_id=10530"},"modified":"2025-08-14T08:57:54","modified_gmt":"2025-08-14T08:57:54","slug":"gioi-thieu","status":"publish","type":"page","link":"https:\/\/s-solutionphuquoc.com\/en\/gioi-thieu\/","title":{"rendered":"Introduce"},"content":{"rendered":"<div data-elementor-type=\"wp-post\" data-elementor-id=\"10530\" class=\"elementor elementor-10530\" data-elementor-post-type=\"page\">\n\t\t\t\t<div class=\"elementor-element elementor-element-0cf136e e-flex e-con-boxed e-con e-parent\" data-id=\"0cf136e\" data-element_type=\"container\">\n\t\t\t\t\t<div class=\"e-con-inner\">\n\t\t\t\t<div class=\"elementor-element elementor-element-8225707 elementor-widget elementor-widget-thim-ekits-breadcrumb\" data-id=\"8225707\" data-element_type=\"widget\" data-widget_type=\"thim-ekits-breadcrumb.default\">\n\t\t\t\t<div class=\"elementor-widget-container\">\n\t\t\t\t\t\n\t\t\t<div class=\"thim-ekit-breadcrumb\">\n\n\t\t\t\tHome\n\t\t\t<\/div>\n\n\t\t\t\t\t\t\t<\/div>\n\t\t\t\t<\/div>\n\t\t\t\t\t<\/div>\n\t\t\t\t<\/div>\n\t\t<div class=\"elementor-element elementor-element-516d5e1 e-flex e-con-boxed e-con e-parent\" data-id=\"516d5e1\" data-element_type=\"container\">\n\t\t\t\t\t<div class=\"e-con-inner\">\n\t\t\t\t<div class=\"elementor-element elementor-element-75944cf elementor-widget__width-initial elementor-widget elementor-widget-thim-ekits-heading\" data-id=\"75944cf\" data-element_type=\"widget\" data-widget_type=\"thim-ekits-heading.default\">\n\t\t\t\t<div class=\"elementor-widget-container\">\n\t\t\t\t\t<div class=\"thim-ekits-heading thim-ekit__heading\"><h1 class=\"title\">X\u00e2y D\u1ef1ng T\u01b0\u01a1ng Lai Ngh\u1ec9 D\u01b0\u1ee1ng<\/h1>\t\t\t<div class='desc'>\n\t\t\t\t<p data-start=\"321\" data-end=\"712\">T\u1ea1i <strong data-start=\"325\" data-end=\"348\">S-Solution Phu Quoc<\/strong>, ch\u00fang t\u00f4i tin r\u1eb1ng kh\u00e1ch s\u1ea1n kh\u00f4ng ch\u1ec9 l\u00e0 n\u01a1i \u0111\u1ec3 ngh\u1ec9 ch\u00e2n, m\u00e0 c\u00f2n l\u00e0 kh\u00f4ng gian mang \u0111\u1ebfn c\u1ea3m h\u1ee9ng v\u00e0 nh\u1eefng tr\u1ea3i nghi\u1ec7m kh\u00f3 qu\u00ean. M\u1ed7i chi ti\u1ebft \u0111\u1ec1u \u0111\u01b0\u1ee3c ch\u0103m ch\u00fat \u0111\u1ec3 \u0111\u00e1p \u1ee9ng m\u1ecdi nhu c\u1ea7u, gi\u1eef tr\u1ecdn s\u1ef1 sang tr\u1ecdng v\u00e0 phong c\u00e1ch. T\u1eeb \u0111\u1eb7t ph\u00f2ng, y\u00eau c\u1ea7u d\u1ecbch v\u1ee5 ph\u00f2ng, \u0111\u1ebfn g\u1ee3i \u00fd \u1ea9m th\u1ef1c \u2013 t\u1ea5t c\u1ea3 \u0111\u1ec1u \u0111\u01b0\u1ee3c th\u1ef1c hi\u1ec7n nhanh ch\u00f3ng v\u00e0 ti\u1ec7n l\u1ee3i ngay tr\u00ean \u0111i\u1ec7n tho\u1ea1i c\u1ee7a b\u1ea1n.<\/p><p data-start=\"714\" data-end=\"889\">V\u1edbi quy tr\u00ecnh v\u1eadn h\u00e0nh t\u1ed1i \u01b0u, ch\u00fang t\u00f4i cam k\u1ebft mang \u0111\u1ebfn d\u1ecbch v\u1ee5 l\u01b0u tr\u00fa v\u1eeba \u0111\u1eb3ng c\u1ea5p v\u1eeba d\u1ec5 ti\u1ebfp c\u1eadn, \u0111\u1ec3 b\u1ea5t k\u1ef3 ai c\u0169ng c\u00f3 th\u1ec3 t\u1eadn h\u01b0\u1edfng m\u1ed9t k\u1ef3 ngh\u1ec9 tr\u1ecdn v\u1eb9n t\u1ea1i Ph\u00fa Qu\u1ed1c.<\/p>\t\t\t<\/div>\n\t\t<\/div>\t\t\t\t<\/div>\n\t\t\t\t<\/div>\n\t\t<div class=\"elementor-element elementor-element-b4765c9 e-flex e-con-boxed e-con e-child\" data-id=\"b4765c9\" data-element_type=\"container\">\n\t\t\t\t\t<div class=\"e-con-inner\">\n\t\t<div class=\"elementor-element elementor-element-73e7e49 e-con-full e-flex e-con e-child\" data-id=\"73e7e49\" data-element_type=\"container\" data-settings=\"{&quot;background_background&quot;:&quot;classic&quot;}\">\n\t\t\t\t<\/div>\n\t\t<div class=\"elementor-element elementor-element-4413ae1 e-con-full e-flex e-con e-child\" data-id=\"4413ae1\" data-element_type=\"container\">\n\t\t\t\t<div class=\"elementor-element elementor-element-8407374 elementor-widget elementor-widget-thim-ekits-heading\" data-id=\"8407374\" data-element_type=\"widget\" data-widget_type=\"thim-ekits-heading.default\">\n\t\t\t\t<div class=\"elementor-widget-container\">\n\t\t\t\t\t<div class=\"thim-ekits-heading thim-ekit__heading\"><h3 class=\"title\">H\u00e0nh Tr\u00ecnh B\u1eaft \u0110\u1ea7u<\/h3><p class=\"sub-heading\">S-Solution Ph\u00fa Qu\u1ed1c ra \u0111\u1eddi t\u1eeb mong mu\u1ed1n mang \u0111\u1ebfn m\u1ed9t ti\u00eau chu\u1ea9n m\u1edbi v\u1ec1 ngh\u1ec9 d\u01b0\u1ee1ng. Kh\u1edfi \u0111\u1ea7u v\u1edbi v\u00e0i c\u0103n ph\u00f2ng h\u01b0\u1edbng bi\u1ec3n \u0111\u1ea7y n\u1eafng v\u00e0 gi\u00f3, ch\u00fang t\u00f4i lu\u00f4n \u0111\u00f3n ch\u00e0o kh\u00e1ch b\u1eb1ng n\u1ee5 c\u01b0\u1eddi th\u00e2n thi\u1ec7n v\u00e0 d\u1ecbch v\u1ee5 t\u1eadn t\u00e2m. Tr\u1ea3i qua th\u1eddi gian, ch\u00fang t\u00f4i kh\u00f4ng ng\u1eebng m\u1edf r\u1ed9ng, ho\u00e0n thi\u1ec7n v\u00e0 n\u00e2ng cao tr\u1ea3i nghi\u1ec7m \u0111\u1ec3 m\u1ed7i k\u1ef3 ngh\u1ec9 c\u1ee7a b\u1ea1n lu\u00f4n l\u00e0 m\u1ed9t k\u1ef7 ni\u1ec7m \u0111\u1eb9p.<\/p><\/div>\t\t\t\t<\/div>\n\t\t\t\t<\/div>\n\t\t\t\t<\/div>\n\t\t\t\t\t<\/div>\n\t\t\t\t<\/div>\n\t\t<div class=\"elementor-element elementor-element-7ae7872 e-flex e-con-boxed e-con e-child\" data-id=\"7ae7872\" data-element_type=\"container\">\n\t\t\t\t\t<div class=\"e-con-inner\">\n\t\t<div class=\"elementor-element elementor-element-76d23de e-con-full e-flex e-con e-child\" data-id=\"76d23de\" data-element_type=\"container\">\n\t\t\t\t<div class=\"elementor-element elementor-element-2b5cb54 elementor-widget elementor-widget-thim-ekits-heading\" data-id=\"2b5cb54\" data-element_type=\"widget\" data-widget_type=\"thim-ekits-heading.default\">\n\t\t\t\t<div class=\"elementor-widget-container\">\n\t\t\t\t\t<div class=\"thim-ekits-heading thim-ekit__heading\"><h3 class=\"title\">H\u01b0\u1edbng T\u1edbi T\u01b0\u01a1ng Lai<\/h3><p class=\"sub-heading\">T\u1eeb m\u1ed9t kh\u1edfi \u0111\u1ea7u khi\u00eam t\u1ed1n, S-Solution Ph\u00fa Qu\u1ed1c \u0111\u00e3 tr\u1edf th\u00e0nh \u0111i\u1ec3m \u0111\u1ebfn y\u00eau th\u00edch c\u1ee7a nhi\u1ec1u du kh\u00e1ch nh\u1edd thi\u1ebft k\u1ebf tinh t\u1ebf v\u00e0 d\u1ecbch v\u1ee5 chuy\u00ean nghi\u1ec7p. Ch\u00fang t\u00f4i h\u1ee3p t\u00e1c v\u1edbi c\u00e1c ki\u1ebfn tr\u00fac s\u01b0 v\u00e0 nh\u00e0 thi\u1ebft k\u1ebf h\u00e0ng \u0111\u1ea7u \u0111\u1ec3 ki\u1ebfn t\u1ea1o nh\u1eefng kh\u00f4ng gian ngh\u1ec9 d\u01b0\u1ee1ng \u0111\u1eb3ng c\u1ea5p, \u0111\u1ed3ng th\u1eddi \u1ee9ng d\u1ee5ng c\u00f4ng ngh\u1ec7 hi\u1ec7n \u0111\u1ea1i nh\u1eb1m t\u1ed1i \u01b0u chi ph\u00ed, gi\u00fap nhi\u1ec1u du kh\u00e1ch d\u1ec5 d\u00e0ng ch\u1ea1m t\u1edbi k\u1ef3 ngh\u1ec9 m\u01a1 \u01b0\u1edbc t\u1ea1i Ph\u00fa Qu\u1ed1c.<\/p><\/div>\t\t\t\t<\/div>\n\t\t\t\t<\/div>\n\t\t\t\t<\/div>\n\t\t<div class=\"elementor-element elementor-element-b8dd861 e-con-full e-flex e-con e-child\" data-id=\"b8dd861\" data-element_type=\"container\" data-settings=\"{&quot;background_background&quot;:&quot;classic&quot;}\">\n\t\t\t\t<\/div>\n\t\t\t\t\t<\/div>\n\t\t\t\t<\/div>\n\t\t\t\t\t<\/div>\n\t\t\t\t<\/div>\n\t\t<div class=\"elementor-element elementor-element-2c52651 e-flex e-con-boxed e-con e-parent\" data-id=\"2c52651\" data-element_type=\"container\" data-settings=\"{&quot;background_background&quot;:&quot;classic&quot;}\">\n\t\t\t\t\t<div class=\"e-con-inner\">\n\t\t\t\t<div class=\"elementor-element elementor-element-7b9cd0c elementor-widget__width-initial elementor-widget elementor-widget-thim-ekits-heading\" data-id=\"7b9cd0c\" data-element_type=\"widget\" data-widget_type=\"thim-ekits-heading.default\">\n\t\t\t\t<div class=\"elementor-widget-container\">\n\t\t\t\t\t<div class=\"thim-ekits-heading thim-ekit__heading\"><h3 class=\"title\">S-Solution H\u00f4m Nay<\/h3><p class=\"sub-heading\">S-Solution Ph\u00fa Qu\u1ed1c ch\u00e0o \u0111\u00f3n du kh\u00e1ch t\u1eeb kh\u1eafp n\u01a1i, v\u1edbi \u0111\u1ed9i ng\u0169 lu\u00f4n s\u1eb5n s\u00e0ng t\u1ea1i Ph\u00fa Qu\u1ed1c \u0111\u1ec3 mang \u0111\u1ebfn k\u1ef3 ngh\u1ec9 \u0111\u00e1ng nh\u1edb.<\/p><\/div>\t\t\t\t<\/div>\n\t\t\t\t<\/div>\n\t\t<div class=\"elementor-element elementor-element-b5c01eb e-flex e-con-boxed e-con e-child\" data-id=\"b5c01eb\" data-element_type=\"container\">\n\t\t\t\t\t<div class=\"e-con-inner\">\n\t\t\t\t<div class=\"elementor-element elementor-element-6f1f15c elementor-widget__width-initial elementor-widget-mobile__width-inherit elementor-widget elementor-widget-counter\" data-id=\"6f1f15c\" data-element_type=\"widget\" data-widget_type=\"counter.default\">\n\t\t\t\t\t\t\t<div class=\"elementor-counter\">\n\t\t\t<div class=\"elementor-counter-title\">\u0110\u1ed1i t\u00e1c v\u00e0 \u0111i\u1ec3m \u0111\u1ebfn<\/div>\t\t\t<div class=\"elementor-counter-number-wrapper\">\n\t\t\t\t<span class=\"elementor-counter-number-prefix\"><\/span>\n\t\t\t\t<span class=\"elementor-counter-number\" data-duration=\"2000\" data-to-value=\"40\" data-from-value=\"0\">0<\/span>\n\t\t\t\t<span class=\"elementor-counter-number-suffix\">+<\/span>\n\t\t\t<\/div>\n\t\t<\/div>\n\t\t\t\t\t\t<\/div>\n\t\t\t\t<div class=\"elementor-element elementor-element-00db935 elementor-widget__width-initial elementor-widget-mobile__width-inherit elementor-widget elementor-widget-counter\" data-id=\"00db935\" data-element_type=\"widget\" data-widget_type=\"counter.default\">\n\t\t\t\t\t\t\t<div class=\"elementor-counter\">\n\t\t\t<div class=\"elementor-counter-title\">Ph\u00f2ng v\u00e0 c\u0103n h\u1ed9 \u0111ang ph\u1ee5c v\u1ee5<\/div>\t\t\t<div class=\"elementor-counter-number-wrapper\">\n\t\t\t\t<span class=\"elementor-counter-number-prefix\"><\/span>\n\t\t\t\t<span class=\"elementor-counter-number\" data-duration=\"2000\" data-to-value=\"9\" data-from-value=\"0\" data-delimiter=\",\">0<\/span>\n\t\t\t\t<span class=\"elementor-counter-number-suffix\">k<\/span>\n\t\t\t<\/div>\n\t\t<\/div>\n\t\t\t\t\t\t<\/div>\n\t\t\t\t<div class=\"elementor-element elementor-element-23d3fae elementor-widget__width-initial elementor-widget-mobile__width-inherit elementor-widget elementor-widget-counter\" data-id=\"23d3fae\" data-element_type=\"widget\" data-widget_type=\"counter.default\">\n\t\t\t\t\t\t\t<div class=\"elementor-counter\">\n\t\t\t<div class=\"elementor-counter-title\">Du kh\u00e1ch tin ch\u1ecdn m\u1ed7i n\u0103m<\/div>\t\t\t<div class=\"elementor-counter-number-wrapper\">\n\t\t\t\t<span class=\"elementor-counter-number-prefix\"><\/span>\n\t\t\t\t<span class=\"elementor-counter-number\" data-duration=\"100\" data-to-value=\"1\" data-from-value=\"0\">0<\/span>\n\t\t\t\t<span class=\"elementor-counter-number-suffix\">M+<\/span>\n\t\t\t<\/div>\n\t\t<\/div>\n\t\t\t\t\t\t<\/div>\n\t\t\t\t\t<\/div>\n\t\t\t\t<\/div>\n\t\t\t\t\t<\/div>\n\t\t\t\t<\/div>\n\t\t<div class=\"elementor-element elementor-element-3e8bc98 e-flex e-con-boxed e-con e-parent\" data-id=\"3e8bc98\" data-element_type=\"container\">\n\t\t\t\t\t<div class=\"e-con-inner\">\n\t\t<div class=\"elementor-element elementor-element-0cb682f e-con-full e-flex e-con e-child\" data-id=\"0cb682f\" data-element_type=\"container\" data-settings=\"{&quot;background_background&quot;:&quot;classic&quot;}\">\n\t\t\t\t<div class=\"elementor-element elementor-element-f8fdd4f elementor-widget elementor-widget-thim-video\" data-id=\"f8fdd4f\" data-element_type=\"widget\" data-widget_type=\"thim-video.default\">\n\t\t\t\t<div class=\"elementor-widget-container\">\n\t\t\t\t\t\n<div class=\"beauty thim-sc-video-box\" style=\"position: relative;\">\n\t<div class=\"video-container content-asset\">\n\t\t<div class=\"hideClick beauty-intro\">\n\t\t\t<h2>Default value<\/h2><p>Default value<\/p>\t\t\t<a class=\"video-popup\" href=\"\">\n\t\t\t\t<div class=\"btn-player\"><i class=\"fa fa-play-circle\"><\/i><\/div>\n\t\t\t\t<p class=\"watch\">Watch the video<\/p>\n\t\t\t<\/a>\n\t\t<\/div>\n\t\t\t<\/div>\n<\/div>\n\t\t\t\t<\/div>\n\t\t\t\t<\/div>\n\t\t\t\t<\/div>\n\t\t\t\t\t<\/div>\n\t\t\t\t<\/div>\n\t\t<div class=\"elementor-element elementor-element-f33223f e-flex e-con-boxed e-con e-parent\" data-id=\"f33223f\" data-element_type=\"container\">\n\t\t\t\t\t<div class=\"e-con-inner\">\n\t\t\t\t<div class=\"elementor-element elementor-element-85ff82b elementor-widget elementor-widget-thim-ekits-heading\" data-id=\"85ff82b\" data-element_type=\"widget\" data-widget_type=\"thim-ekits-heading.default\">\n\t\t\t\t<div class=\"elementor-widget-container\">\n\t\t\t\t\t<div class=\"thim-ekits-heading thim-ekit__heading\"><h3 class=\"title\">\u0110\u01b0\u1ee3c h\u01a1n 12.000+ kh\u00e1ch h\u00e0ng v\u00e0 \u0111\u1ed1i t\u00e1c tin t\u01b0\u1edfng l\u1ef1a ch\u1ecdn.<\/h3><\/div>\t\t\t\t<\/div>\n\t\t\t\t<\/div>\n\t\t\t\t<div class=\"elementor-element elementor-element-d67c912 elementor-widget elementor-widget-image-carousel\" data-id=\"d67c912\" data-element_type=\"widget\" data-settings=\"{&quot;slides_to_show&quot;:&quot;6&quot;,&quot;slides_to_scroll&quot;:&quot;1&quot;,&quot;navigation&quot;:&quot;none&quot;,&quot;slides_to_show_tablet&quot;:&quot;6&quot;,&quot;slides_to_show_mobile&quot;:&quot;3&quot;,&quot;image_spacing_custom_tablet&quot;:{&quot;unit&quot;:&quot;px&quot;,&quot;size&quot;:30,&quot;sizes&quot;:[]},&quot;infinite&quot;:&quot;yes&quot;,&quot;speed&quot;:500,&quot;image_spacing_custom&quot;:{&quot;unit&quot;:&quot;px&quot;,&quot;size&quot;:20,&quot;sizes&quot;:[]},&quot;image_spacing_custom_mobile_extra&quot;:{&quot;unit&quot;:&quot;px&quot;,&quot;size&quot;:&quot;&quot;,&quot;sizes&quot;:[]},&quot;image_spacing_custom_mobile&quot;:{&quot;unit&quot;:&quot;px&quot;,&quot;size&quot;:&quot;&quot;,&quot;sizes&quot;:[]}}\" data-widget_type=\"image-carousel.default\">\n\t\t\t\t\t\t\t<div class=\"elementor-image-carousel-wrapper swiper\" role=\"region\" aria-roledescription=\"carousel\" aria-label=\"B\u0103ng chuy\u1ec1n h\u00ecnh \u1ea3nh\" dir=\"ltr\">\n\t\t\t<div class=\"elementor-image-carousel swiper-wrapper\" aria-live=\"polite\">\n\t\t\t\t\t\t\t\t<div class=\"swiper-slide\" role=\"group\" aria-roledescription=\"slide\" aria-label=\"1 tr\u00ean 6\"><figure class=\"swiper-slide-inner\"><img decoding=\"async\" class=\"swiper-slide-image\" src=\"https:\/\/s-solutionphuquoc.com\/wp-content\/uploads\/2024\/03\/partner-01.png\" alt=\"partner-01\" \/><\/figure><\/div><div class=\"swiper-slide\" role=\"group\" aria-roledescription=\"slide\" aria-label=\"2 tr\u00ean 6\"><figure class=\"swiper-slide-inner\"><img decoding=\"async\" class=\"swiper-slide-image\" src=\"https:\/\/s-solutionphuquoc.com\/wp-content\/uploads\/2024\/03\/partner-02.png\" alt=\"partner-02\" \/><\/figure><\/div><div class=\"swiper-slide\" role=\"group\" aria-roledescription=\"slide\" aria-label=\"3 tr\u00ean 6\"><figure class=\"swiper-slide-inner\"><img decoding=\"async\" class=\"swiper-slide-image\" src=\"https:\/\/s-solutionphuquoc.com\/wp-content\/uploads\/2024\/03\/partner-03.png\" alt=\"partner-03\" \/><\/figure><\/div><div class=\"swiper-slide\" role=\"group\" aria-roledescription=\"slide\" aria-label=\"4 tr\u00ean 6\"><figure class=\"swiper-slide-inner\"><img decoding=\"async\" class=\"swiper-slide-image\" src=\"https:\/\/s-solutionphuquoc.com\/wp-content\/uploads\/2024\/03\/partner-04.png\" alt=\"partner-04\" \/><\/figure><\/div><div class=\"swiper-slide\" role=\"group\" aria-roledescription=\"slide\" aria-label=\"5 tr\u00ean 6\"><figure class=\"swiper-slide-inner\"><img decoding=\"async\" class=\"swiper-slide-image\" src=\"https:\/\/s-solutionphuquoc.com\/wp-content\/uploads\/2024\/03\/partner-05.png\" alt=\"partner-05\" \/><\/figure><\/div><div class=\"swiper-slide\" role=\"group\" aria-roledescription=\"slide\" aria-label=\"6 tr\u00ean 6\"><figure class=\"swiper-slide-inner\"><img decoding=\"async\" class=\"swiper-slide-image\" src=\"https:\/\/s-solutionphuquoc.com\/wp-content\/uploads\/2024\/03\/partner-06.png\" alt=\"partner-06\" \/><\/figure><\/div>\t\t\t<\/div>\n\t\t\t\t\t\t\t\n\t\t\t\t\t\t\t\t\t<\/div>\n\t\t\t\t\t\t<\/div>\n\t\t\t\t\t<\/div>\n\t\t\t\t<\/div>\n\t\t<div class=\"elementor-element elementor-element-8d08620 e-flex e-con-boxed e-con e-parent\" data-id=\"8d08620\" data-element_type=\"container\">\n\t\t\t\t\t<div class=\"e-con-inner\">\n\t\t<div class=\"elementor-element elementor-element-4439c88 e-con-full e-flex e-con e-child\" data-id=\"4439c88\" data-element_type=\"container\" data-settings=\"{&quot;background_background&quot;:&quot;classic&quot;}\">\n\t\t\t\t<\/div>\n\t\t<div class=\"elementor-element elementor-element-40a5c91 e-con-full e-flex e-con e-child\" data-id=\"40a5c91\" data-element_type=\"container\">\n\t\t\t\t<div class=\"elementor-element elementor-element-080c5ae elementor-widget__width-initial elementor-widget elementor-widget-thim-ekits-heading\" data-id=\"080c5ae\" data-element_type=\"widget\" data-widget_type=\"thim-ekits-heading.default\">\n\t\t\t\t<div class=\"elementor-widget-container\">\n\t\t\t\t\t<div class=\"thim-ekits-heading thim-ekit__heading\"><h3 class=\"title\">\u0110\u1ed3ng h\u00e0nh c\u00f9ng ch\u00fang t\u00f4i<\/h3><p class=\"sub-heading\">M\u1ee5c ti\u00eau c\u1ee7a ch\u00fang t\u00f4i l\u00e0 tr\u1edf th\u00e0nh th\u01b0\u01a1ng hi\u1ec7u kh\u00e1ch s\u1ea1n \u0111\u01b0\u1ee3c y\u00eau m\u1ebfn v\u00e0 ng\u01b0\u1ee1ng m\u1ed9 h\u00e0ng \u0111\u1ea7u.\nCh\u00fang t\u00f4i tin r\u1eb1ng, v\u1edbi s\u1ef1 \u0111\u1ed3ng h\u00e0nh c\u1ee7a b\u1ea1n, \u0111i\u1ec1u \u0111\u00f3 s\u1ebd th\u00e0nh hi\u1ec7n th\u1ef1c.<\/p><\/div>\t\t\t\t<\/div>\n\t\t\t\t<\/div>\n\t\t\t\t<\/div>\n\t\t\t\t\t<\/div>\n\t\t\t\t<\/div>\n\t\t\t\t<\/div>","protected":false},"excerpt":{"rendered":"<p>Home X\u00e2y D\u1ef1ng T\u01b0\u01a1ng Lai Ngh\u1ec9 D\u01b0\u1ee1ng T\u1ea1i S-Solution Ph\u00fa Qu\u1ed1c, ch\u00fang t\u00f4i tin r\u1eb1ng kh\u00e1ch s\u1ea1n kh\u00f4ng ch\u1ec9 l\u00e0 n\u01a1i \u0111\u1ec3 ngh\u1ec9 ch\u00e2n, m\u00e0 c\u00f2n l\u00e0 kh\u00f4ng gian mang \u0111\u1ebfn c\u1ea3m h\u1ee9ng v\u00e0 nh\u1eefng tr\u1ea3i nghi\u1ec7m kh\u00f3 qu\u00ean. M\u1ed7i chi ti\u1ebft \u0111\u1ec1u \u0111\u01b0\u1ee3c ch\u0103m ch\u00fat \u0111\u1ec3 \u0111\u00e1p \u1ee9ng m\u1ecdi nhu c\u1ea7u, gi\u1eef tr\u1ecdn s\u1ef1 [&hellip;]<\/p>","protected":false},"author":1,"featured_media":0,"parent":0,"menu_order":0,"comment_status":"closed","ping_status":"closed","template":"elementor_header_footer","meta":{"footnotes":""},"class_list":["post-10530","page","type-page","status-publish","hentry"],"_links":{"self":[{"href":"https:\/\/s-solutionphuquoc.com\/en\/wp-json\/wp\/v2\/pages\/10530","targetHints":{"allow":["GET"]}}],"collection":[{"href":"https:\/\/s-solutionphuquoc.com\/en\/wp-json\/wp\/v2\/pages"}],"about":[{"href":"https:\/\/s-solutionphuquoc.com\/en\/wp-json\/wp\/v2\/types\/page"}],"author":[{"embeddable":true,"href":"https:\/\/s-solutionphuquoc.com\/en\/wp-json\/wp\/v2\/users\/1"}],"replies":[{"embeddable":true,"href":"https:\/\/s-solutionphuquoc.com\/en\/wp-json\/wp\/v2\/comments?post=10530"}],"version-history":[{"count":0,"href":"https:\/\/s-solutionphuquoc.com\/en\/wp-json\/wp\/v2\/pages\/10530\/revisions"}],"wp:attachment":[{"href":"https:\/\/s-solutionphuquoc.com\/en\/wp-json\/wp\/v2\/media?parent=10530"}],"curies":[{"name":"wp","href":"https:\/\/api.w.org\/{rel}","templated":true}]}}