{"id":10549,"date":"2025-08-13T04:20:44","date_gmt":"2025-08-13T04:20:44","guid":{"rendered":"https:\/\/s-solutionphuquoc.123websitedev.com\/?page_id=10549"},"modified":"2025-08-19T03:12:29","modified_gmt":"2025-08-19T03:12:29","slug":"hoat-dong","status":"publish","type":"page","link":"https:\/\/s-solutionphuquoc.com\/en\/hoat-dong\/","title":{"rendered":"Work"},"content":{"rendered":"<div data-elementor-type=\"wp-page\" data-elementor-id=\"10549\" class=\"elementor elementor-10549\" data-elementor-post-type=\"page\">\n\t\t\t\t<div class=\"elementor-element elementor-element-eae4b29 e-flex e-con-boxed e-con e-parent\" data-id=\"eae4b29\" data-element_type=\"container\">\n\t\t\t\t\t<div class=\"e-con-inner\">\n\t\t\t\t<div class=\"elementor-element elementor-element-ae43be1 elementor-widget elementor-widget-thim-ekits-breadcrumb\" data-id=\"ae43be1\" data-element_type=\"widget\" data-widget_type=\"thim-ekits-breadcrumb.default\">\n\t\t\t\t<div class=\"elementor-widget-container\">\n\t\t\t\t\t\n\t\t\t<div class=\"thim-ekit-breadcrumb\">\n\n\t\t\t\tHome\n\t\t\t<\/div>\n\n\t\t\t\t\t\t\t<\/div>\n\t\t\t\t<\/div>\n\t\t\t\t<div class=\"elementor-element elementor-element-bd8478d elementor-widget__width-initial elementor-widget elementor-widget-thim-ekits-heading\" data-id=\"bd8478d\" data-element_type=\"widget\" data-widget_type=\"thim-ekits-heading.default\">\n\t\t\t\t<div class=\"elementor-widget-container\">\n\t\t\t\t\t<div class=\"thim-ekits-heading thim-ekit__heading\"><h1 class=\"title\">Ho\u1ea1t \u0111\u1ed9ng &amp; Tr\u1ea3i nghi\u1ec7m<\/h1>\t\t\t<div class='desc'>\n\t\t\t\t<p>Ch\u00e0o m\u1eebng b\u1ea1n \u0111\u1ebfn v\u1edbi b\u00e3i bi\u1ec3n, n\u01a1i n\u1eafng v\u00e0ng, c\u00e1t tr\u1eafng v\u00e0 bi\u1ec3n xanh v\u1eaby g\u1ecdi cho nh\u1eefng ph\u00fat gi\u00e2y vui ch\u01a1i v\u00e0 th\u01b0 gi\u00e3n b\u1ea5t t\u1eadn! B\u00ean ti\u1ebfng s\u00f3ng bi\u1ec3n d\u1ecbu \u00eam, b\u1ea1n s\u1ebd kh\u00e1m ph\u00e1 v\u00f4 v\u00e0n ho\u1ea1t \u0111\u1ed9ng th\u00fa v\u1ecb \u0111ang ch\u1edd \u0111\u00f3n.<\/p>\t\t\t<\/div>\n\t\t<\/div>\t\t\t\t<\/div>\n\t\t\t\t<\/div>\n\t\t\t\t\t<\/div>\n\t\t\t\t<\/div>\n\t\t<div class=\"elementor-element elementor-element-76cc828 e-flex e-con-boxed e-con e-parent\" data-id=\"76cc828\" data-element_type=\"container\">\n\t\t\t\t\t<div class=\"e-con-inner\">\n\t\t<div class=\"elementor-element elementor-element-c17895d e-con-full e-flex e-con e-child\" data-id=\"c17895d\" data-element_type=\"container\" data-settings=\"{&quot;background_background&quot;:&quot;classic&quot;}\">\n\t\t\t\t<div class=\"elementor-element elementor-element-d1c42db elementor-widget__width-initial elementor-widget elementor-widget-thim-ekits-heading\" data-id=\"d1c42db\" data-element_type=\"widget\" data-widget_type=\"thim-ekits-heading.default\">\n\t\t\t\t<div class=\"elementor-widget-container\">\n\t\t\t\t\t<div class=\"thim-ekits-heading thim-ekit__heading\"><h5 class=\"sub-heading\">\u0110\u1eb7t ph\u00f2ng t\u1ea1i S-Solution Ph\u00fa Qu\u1ed1c<\/h5><h2 class=\"title\">Ch\u1ea1y b\u1ed9 &amp; d\u1ea1o b\u01b0\u1edbc b\u00ean b\u1edd bi\u1ec3n<\/h2><\/div>\t\t\t\t<\/div>\n\t\t\t\t<\/div>\n\t\t\t\t<div class=\"elementor-element elementor-element-69cf09c elementor-widget elementor-widget-button\" data-id=\"69cf09c\" data-element_type=\"widget\" data-widget_type=\"button.default\">\n\t\t\t\t\t\t\t\t\t\t<a class=\"elementor-button elementor-button-link elementor-size-sm\" href=\"#\">\n\t\t\t\t\t\t<span class=\"elementor-button-content-wrapper\">\n\t\t\t\t\t\t\t\t\t<span class=\"elementor-button-text\">Book Now<\/span>\n\t\t\t\t\t<\/span>\n\t\t\t\t\t<\/a>\n\t\t\t\t\t\t\t\t<\/div>\n\t\t\t\t<\/div>\n\t\t\t\t\t<\/div>\n\t\t\t\t<\/div>\n\t\t<div class=\"elementor-element elementor-element-09bd47b e-grid e-con-boxed e-con e-parent\" data-id=\"09bd47b\" data-element_type=\"container\">\n\t\t\t\t\t<div class=\"e-con-inner\">\n\t\t<div class=\"elementor-element elementor-element-5c59c9c e-con-full e-flex e-con e-child\" data-id=\"5c59c9c\" data-element_type=\"container\">\n\t\t\t\t<div class=\"elementor-element elementor-element-5c76306 elementor-widget__width-inherit elementor-widget elementor-widget-image\" data-id=\"5c76306\" data-element_type=\"widget\" data-widget_type=\"image.default\">\n\t\t\t\t\t\t\t\t\t\t\t\t\t\t\t<img fetchpriority=\"high\" decoding=\"async\" width=\"410\" height=\"274\" src=\"https:\/\/s-solutionphuquoc.com\/wp-content\/uploads\/2024\/07\/Beach-Hiking.png\" class=\"attachment-full size-full wp-image-8341\" alt=\"\" srcset=\"https:\/\/s-solutionphuquoc.com\/wp-content\/uploads\/2024\/07\/Beach-Hiking.png 410w, https:\/\/s-solutionphuquoc.com\/wp-content\/uploads\/2024\/07\/Beach-Hiking-300x200.png 300w\" sizes=\"(max-width: 410px) 100vw, 410px\" \/>\t\t\t\t\t\t\t\t\t\t\t\t\t\t\t<\/div>\n\t\t\t\t<div class=\"elementor-element elementor-element-bc3fe9c elementor-widget elementor-widget-heading\" data-id=\"bc3fe9c\" data-element_type=\"widget\" data-widget_type=\"heading.default\">\n\t\t\t\t\t<h3 class=\"elementor-heading-title elementor-size-default\">Ng\u1eafm ho\u00e0ng h\u00f4n Sunset Sanato<\/h3>\t\t\t\t<\/div>\n\t\t\t\t<div class=\"elementor-element elementor-element-6ad80b1 elementor-widget elementor-widget-text-editor\" data-id=\"6ad80b1\" data-element_type=\"widget\" data-widget_type=\"text-editor.default\">\n\t\t\t\t\t\t\t\t\t\u0110i\u1ec3m \u201ccheck-in\u201d n\u1ed5i ti\u1ebfng v\u1edbi c\u1ea3nh ho\u00e0ng h\u00f4n r\u1ef1c r\u1ee1, l\u00fd t\u01b0\u1edfng \u0111\u1ec3 ch\u1ee5p \u1ea3nh v\u00e0 th\u01b0\u1edfng th\u1ee9c \u0111\u1ed3 u\u1ed1ng.\t\t\t\t\t\t\t\t<\/div>\n\t\t\t\t<div class=\"elementor-element elementor-element-758476e elementor-widget-divider--view-line elementor-widget elementor-widget-divider\" data-id=\"758476e\" data-element_type=\"widget\" data-widget_type=\"divider.default\">\n\t\t\t\t\t\t\t<div class=\"elementor-divider\">\n\t\t\t<span class=\"elementor-divider-separator\">\n\t\t\t\t\t\t<\/span>\n\t\t<\/div>\n\t\t\t\t\t\t<\/div>\n\t\t\t\t<div class=\"elementor-element elementor-element-48feccc elementor-widget__width-initial elementor-widget elementor-widget-text-editor\" data-id=\"48feccc\" data-element_type=\"widget\" data-widget_type=\"text-editor.default\">\n\t\t\t\t\t\t\t\t\t<p>PHUQUOC<\/p>\t\t\t\t\t\t\t\t<\/div>\n\t\t\t\t<div class=\"elementor-element elementor-element-f39c6b4 elementor-align-right elementor-widget__width-initial elementor-widget elementor-widget-button\" data-id=\"f39c6b4\" data-element_type=\"widget\" data-widget_type=\"button.default\">\n\t\t\t\t\t\t\t\t\t\t<a class=\"elementor-button elementor-button-link elementor-size-sm\" href=\"https:\/\/s-solutionphuquoc.com\/en\/luot-song-hoac-luot-van-buom-tai-bai-truong\/\">\n\t\t\t\t\t\t<span class=\"elementor-button-content-wrapper\">\n\t\t\t\t\t\t\t\t\t<span class=\"elementor-button-text\">See details<\/span>\n\t\t\t\t\t<\/span>\n\t\t\t\t\t<\/a>\n\t\t\t\t\t\t\t\t<\/div>\n\t\t\t\t<\/div>\n\t\t<div class=\"elementor-element elementor-element-1119b61 e-con-full e-flex e-con e-child\" data-id=\"1119b61\" data-element_type=\"container\">\n\t\t\t\t<div class=\"elementor-element elementor-element-85f16de elementor-widget__width-inherit elementor-widget elementor-widget-image\" data-id=\"85f16de\" data-element_type=\"widget\" data-widget_type=\"image.default\">\n\t\t\t\t\t\t\t\t\t\t\t\t\t\t\t<img decoding=\"async\" width=\"410\" height=\"274\" src=\"https:\/\/s-solutionphuquoc.com\/wp-content\/uploads\/2024\/07\/Christchurch-Surf-Coaching-Camp.png\" class=\"attachment-full size-full wp-image-8426\" alt=\"\" srcset=\"https:\/\/s-solutionphuquoc.com\/wp-content\/uploads\/2024\/07\/Christchurch-Surf-Coaching-Camp.png 410w, https:\/\/s-solutionphuquoc.com\/wp-content\/uploads\/2024\/07\/Christchurch-Surf-Coaching-Camp-300x200.png 300w\" sizes=\"(max-width: 410px) 100vw, 410px\" \/>\t\t\t\t\t\t\t\t\t\t\t\t\t\t\t<\/div>\n\t\t\t\t<div class=\"elementor-element elementor-element-b2ffe48 elementor-widget elementor-widget-heading\" data-id=\"b2ffe48\" data-element_type=\"widget\" data-widget_type=\"heading.default\">\n\t\t\t\t\t<h3 class=\"elementor-heading-title elementor-size-default\">L\u01b0\u1edbt s\u00f3ng ho\u1eb7c l\u01b0\u1edbt v\u00e1n bu\u1ed3m t\u1ea1i B\u00e3i Tr\u01b0\u1eddng<\/h3>\t\t\t\t<\/div>\n\t\t\t\t<div class=\"elementor-element elementor-element-8682555 elementor-widget elementor-widget-text-editor\" data-id=\"8682555\" data-element_type=\"widget\" data-widget_type=\"text-editor.default\">\n\t\t\t\t\t\t\t\t\t<p>Tr\u1ea3i nghi\u1ec7m c\u1ea3m gi\u00e1c chinh ph\u1ee5c nh\u1eefng con s\u00f3ng, ph\u00f9 h\u1ee3p cho c\u1ea3 ng\u01b0\u1eddi m\u1edbi b\u1eaft \u0111\u1ea7u v\u00e0 ng\u01b0\u1eddi ch\u01a1i chuy\u00ean nghi\u1ec7p, \u0111\u1eb7c bi\u1ec7t s\u00f4i \u0111\u1ed9ng v\u00e0o m\u00f9a gi\u00f3.<\/p>\t\t\t\t\t\t\t\t<\/div>\n\t\t\t\t<div class=\"elementor-element elementor-element-a825584 elementor-widget-divider--view-line elementor-widget elementor-widget-divider\" data-id=\"a825584\" data-element_type=\"widget\" data-widget_type=\"divider.default\">\n\t\t\t\t\t\t\t<div class=\"elementor-divider\">\n\t\t\t<span class=\"elementor-divider-separator\">\n\t\t\t\t\t\t<\/span>\n\t\t<\/div>\n\t\t\t\t\t\t<\/div>\n\t\t\t\t<div class=\"elementor-element elementor-element-8c87145 elementor-widget__width-initial elementor-widget elementor-widget-text-editor\" data-id=\"8c87145\" data-element_type=\"widget\" data-widget_type=\"text-editor.default\">\n\t\t\t\t\t\t\t\t\t<p>PHUQUOC<\/p>\t\t\t\t\t\t\t\t<\/div>\n\t\t\t\t<div class=\"elementor-element elementor-element-f5fe0ba elementor-align-right elementor-widget__width-initial elementor-widget elementor-widget-button\" data-id=\"f5fe0ba\" data-element_type=\"widget\" data-widget_type=\"button.default\">\n\t\t\t\t\t\t\t\t\t\t<a class=\"elementor-button elementor-button-link elementor-size-sm\" href=\"https:\/\/s-solutionphuquoc.com\/en\/luot-song-hoac-luot-van-buom-tai-bai-truong\/\">\n\t\t\t\t\t\t<span class=\"elementor-button-content-wrapper\">\n\t\t\t\t\t\t\t\t\t<span class=\"elementor-button-text\">See details<\/span>\n\t\t\t\t\t<\/span>\n\t\t\t\t\t<\/a>\n\t\t\t\t\t\t\t\t<\/div>\n\t\t\t\t<\/div>\n\t\t<div class=\"elementor-element elementor-element-63479d8 e-con-full e-flex e-con e-child\" data-id=\"63479d8\" data-element_type=\"container\">\n\t\t\t\t<div class=\"elementor-element elementor-element-20758a2 elementor-widget__width-inherit elementor-widget elementor-widget-image\" data-id=\"20758a2\" data-element_type=\"widget\" data-widget_type=\"image.default\">\n\t\t\t\t\t\t\t\t\t\t\t\t\t\t\t<img decoding=\"async\" width=\"410\" height=\"274\" src=\"https:\/\/s-solutionphuquoc.com\/wp-content\/uploads\/2024\/07\/Diving.png\" class=\"attachment-full size-full wp-image-8427\" alt=\"\" srcset=\"https:\/\/s-solutionphuquoc.com\/wp-content\/uploads\/2024\/07\/Diving.png 410w, https:\/\/s-solutionphuquoc.com\/wp-content\/uploads\/2024\/07\/Diving-300x200.png 300w\" sizes=\"(max-width: 410px) 100vw, 410px\" \/>\t\t\t\t\t\t\t\t\t\t\t\t\t\t\t<\/div>\n\t\t\t\t<div class=\"elementor-element elementor-element-cfeb05e elementor-widget elementor-widget-heading\" data-id=\"cfeb05e\" data-element_type=\"widget\" data-widget_type=\"heading.default\">\n\t\t\t\t\t<h3 class=\"elementor-heading-title elementor-size-default\">l\u1eb7n ng\u1eafm san h\u00f4<\/h3>\t\t\t\t<\/div>\n\t\t\t\t<div class=\"elementor-element elementor-element-c6f73c9 elementor-widget elementor-widget-text-editor\" data-id=\"c6f73c9\" data-element_type=\"widget\" data-widget_type=\"text-editor.default\">\n\t\t\t\t\t\t\t\t\t<p>Tham gia tour \u0111\u1ea3o H\u00f2n M\u00f3ng Tay, H\u00f2n G\u1ea7m Gh\u00ec ho\u1eb7c H\u00f2n M\u00e2y R\u00fat, tr\u1ea3i nghi\u1ec7m l\u1eb7n bi\u1ec3n ho\u1eb7c snorkeling \u0111\u1ec3 chi\u00eam ng\u01b0\u1ee1ng r\u1ea1n san h\u00f4 r\u1ef1c r\u1ee1<\/p>\t\t\t\t\t\t\t\t<\/div>\n\t\t\t\t<div class=\"elementor-element elementor-element-8686a0e elementor-widget-divider--view-line elementor-widget elementor-widget-divider\" data-id=\"8686a0e\" data-element_type=\"widget\" data-widget_type=\"divider.default\">\n\t\t\t\t\t\t\t<div class=\"elementor-divider\">\n\t\t\t<span class=\"elementor-divider-separator\">\n\t\t\t\t\t\t<\/span>\n\t\t<\/div>\n\t\t\t\t\t\t<\/div>\n\t\t\t\t<div class=\"elementor-element elementor-element-ef440f7 elementor-widget__width-initial elementor-widget elementor-widget-text-editor\" data-id=\"ef440f7\" data-element_type=\"widget\" data-widget_type=\"text-editor.default\">\n\t\t\t\t\t\t\t\t\t<p>PHUQUOC<\/p>\t\t\t\t\t\t\t\t<\/div>\n\t\t\t\t<div class=\"elementor-element elementor-element-bb8adda elementor-align-right elementor-widget__width-initial elementor-widget elementor-widget-button\" data-id=\"bb8adda\" data-element_type=\"widget\" data-widget_type=\"button.default\">\n\t\t\t\t\t\t\t\t\t\t<a class=\"elementor-button elementor-button-link elementor-size-sm\" href=\"https:\/\/s-solutionphuquoc.com\/en\/luot-song-hoac-luot-van-buom-tai-bai-truong\/\">\n\t\t\t\t\t\t<span class=\"elementor-button-content-wrapper\">\n\t\t\t\t\t\t\t\t\t<span class=\"elementor-button-text\">See details<\/span>\n\t\t\t\t\t<\/span>\n\t\t\t\t\t<\/a>\n\t\t\t\t\t\t\t\t<\/div>\n\t\t\t\t<\/div>\n\t\t<div class=\"elementor-element elementor-element-ad59c13 e-con-full e-flex e-con e-child\" data-id=\"ad59c13\" data-element_type=\"container\">\n\t\t\t\t<div class=\"elementor-element elementor-element-0b3bae5 elementor-widget__width-inherit elementor-widget elementor-widget-image\" data-id=\"0b3bae5\" data-element_type=\"widget\" data-widget_type=\"image.default\">\n\t\t\t\t\t\t\t\t\t\t\t\t\t\t\t<img loading=\"lazy\" decoding=\"async\" width=\"410\" height=\"274\" src=\"https:\/\/s-solutionphuquoc.com\/wp-content\/uploads\/2024\/07\/Running-Walking.png\" class=\"attachment-full size-full wp-image-8430\" alt=\"\" srcset=\"https:\/\/s-solutionphuquoc.com\/wp-content\/uploads\/2024\/07\/Running-Walking.png 410w, https:\/\/s-solutionphuquoc.com\/wp-content\/uploads\/2024\/07\/Running-Walking-300x200.png 300w\" sizes=\"(max-width: 410px) 100vw, 410px\" \/>\t\t\t\t\t\t\t\t\t\t\t\t\t\t\t<\/div>\n\t\t\t\t<div class=\"elementor-element elementor-element-60cfa85 elementor-widget elementor-widget-heading\" data-id=\"60cfa85\" data-element_type=\"widget\" data-widget_type=\"heading.default\">\n\t\t\t\t\t<h3 class=\"elementor-heading-title elementor-size-default\">D\u1ea1o b\u1ed9 v\u00e0 ch\u1ea1y b\u1ed9 tr\u00ean B\u00e3i D\u00e0i<\/h3>\t\t\t\t<\/div>\n\t\t\t\t<div class=\"elementor-element elementor-element-22211a8 elementor-widget elementor-widget-text-editor\" data-id=\"22211a8\" data-element_type=\"widget\" data-widget_type=\"text-editor.default\">\n\t\t\t\t\t\t\t\t\t<p>B\u00e3i bi\u1ec3n tr\u1ea3i d\u00e0i hoang s\u01a1, y\u00ean t\u0129nh, th\u00edch h\u1ee3p cho nh\u1eefng bu\u1ed5i s\u00e1ng ch\u1ea1y b\u1ed9 ho\u1eb7c d\u1ea1o ch\u01a1i l\u00fac ho\u00e0ng h\u00f4n.<\/p>\t\t\t\t\t\t\t\t<\/div>\n\t\t\t\t<div class=\"elementor-element elementor-element-3f382c8 elementor-widget-divider--view-line elementor-widget elementor-widget-divider\" data-id=\"3f382c8\" data-element_type=\"widget\" data-widget_type=\"divider.default\">\n\t\t\t\t\t\t\t<div class=\"elementor-divider\">\n\t\t\t<span class=\"elementor-divider-separator\">\n\t\t\t\t\t\t<\/span>\n\t\t<\/div>\n\t\t\t\t\t\t<\/div>\n\t\t\t\t<div class=\"elementor-element elementor-element-5969662 elementor-widget__width-initial elementor-widget elementor-widget-text-editor\" data-id=\"5969662\" data-element_type=\"widget\" data-widget_type=\"text-editor.default\">\n\t\t\t\t\t\t\t\t\t<p>PHUQUOC<\/p>\t\t\t\t\t\t\t\t<\/div>\n\t\t\t\t<div class=\"elementor-element elementor-element-b01b21a elementor-align-right elementor-widget__width-initial elementor-widget elementor-widget-button\" data-id=\"b01b21a\" data-element_type=\"widget\" data-widget_type=\"button.default\">\n\t\t\t\t\t\t\t\t\t\t<a class=\"elementor-button elementor-button-link elementor-size-sm\" href=\"https:\/\/s-solutionphuquoc.com\/en\/luot-song-hoac-luot-van-buom-tai-bai-truong\/\">\n\t\t\t\t\t\t<span class=\"elementor-button-content-wrapper\">\n\t\t\t\t\t\t\t\t\t<span class=\"elementor-button-text\">See details<\/span>\n\t\t\t\t\t<\/span>\n\t\t\t\t\t<\/a>\n\t\t\t\t\t\t\t\t<\/div>\n\t\t\t\t<\/div>\n\t\t<div class=\"elementor-element elementor-element-23bac03 e-con-full e-flex e-con e-child\" data-id=\"23bac03\" data-element_type=\"container\">\n\t\t\t\t<div class=\"elementor-element elementor-element-25235f1 elementor-widget__width-inherit elementor-widget elementor-widget-image\" data-id=\"25235f1\" data-element_type=\"widget\" data-widget_type=\"image.default\">\n\t\t\t\t\t\t\t\t\t\t\t\t\t\t\t<img loading=\"lazy\" decoding=\"async\" width=\"410\" height=\"274\" src=\"https:\/\/s-solutionphuquoc.com\/wp-content\/uploads\/2024\/07\/Local-festival.png\" class=\"attachment-full size-full wp-image-8429\" alt=\"\" srcset=\"https:\/\/s-solutionphuquoc.com\/wp-content\/uploads\/2024\/07\/Local-festival.png 410w, https:\/\/s-solutionphuquoc.com\/wp-content\/uploads\/2024\/07\/Local-festival-300x200.png 300w\" sizes=\"(max-width: 410px) 100vw, 410px\" \/>\t\t\t\t\t\t\t\t\t\t\t\t\t\t\t<\/div>\n\t\t\t\t<div class=\"elementor-element elementor-element-edf2619 elementor-widget elementor-widget-heading\" data-id=\"edf2619\" data-element_type=\"widget\" data-widget_type=\"heading.default\">\n\t\t\t\t\t<h3 class=\"elementor-heading-title elementor-size-default\">Kh\u00e1m ph\u00e1 ch\u1ee3 \u0111\u00eam Ph\u00fa Qu\u1ed1c\u200b<\/h3>\t\t\t\t<\/div>\n\t\t\t\t<div class=\"elementor-element elementor-element-3152dd7 elementor-widget elementor-widget-text-editor\" data-id=\"3152dd7\" data-element_type=\"widget\" data-widget_type=\"text-editor.default\">\n\t\t\t\t\t\t\t\t\t<p>Th\u01b0\u1edfng th\u1ee9c h\u1ea3i s\u1ea3n t\u01b0\u01a1i ngon, m\u00f3n \u0103n \u0111\u01b0\u1eddng ph\u1ed1 v\u00e0 mua qu\u00e0 l\u01b0u ni\u1ec7m \u0111\u1eb7c s\u1ea3n nh\u01b0 n\u01b0\u1edbc m\u1eafm, h\u1ed3 ti\u00eau.<\/p>\t\t\t\t\t\t\t\t<\/div>\n\t\t\t\t<div class=\"elementor-element elementor-element-aeb6182 elementor-widget-divider--view-line elementor-widget elementor-widget-divider\" data-id=\"aeb6182\" data-element_type=\"widget\" data-widget_type=\"divider.default\">\n\t\t\t\t\t\t\t<div class=\"elementor-divider\">\n\t\t\t<span class=\"elementor-divider-separator\">\n\t\t\t\t\t\t<\/span>\n\t\t<\/div>\n\t\t\t\t\t\t<\/div>\n\t\t\t\t<div class=\"elementor-element elementor-element-8102a76 elementor-widget__width-initial elementor-widget elementor-widget-text-editor\" data-id=\"8102a76\" data-element_type=\"widget\" data-widget_type=\"text-editor.default\">\n\t\t\t\t\t\t\t\t\t<p>PHUQUOC<\/p>\t\t\t\t\t\t\t\t<\/div>\n\t\t\t\t<div class=\"elementor-element elementor-element-938d6d7 elementor-align-right elementor-widget__width-initial elementor-widget elementor-widget-button\" data-id=\"938d6d7\" data-element_type=\"widget\" data-widget_type=\"button.default\">\n\t\t\t\t\t\t\t\t\t\t<a class=\"elementor-button elementor-button-link elementor-size-sm\" href=\"https:\/\/s-solutionphuquoc.com\/en\/luot-song-hoac-luot-van-buom-tai-bai-truong\/\">\n\t\t\t\t\t\t<span class=\"elementor-button-content-wrapper\">\n\t\t\t\t\t\t\t\t\t<span class=\"elementor-button-text\">See details<\/span>\n\t\t\t\t\t<\/span>\n\t\t\t\t\t<\/a>\n\t\t\t\t\t\t\t\t<\/div>\n\t\t\t\t<\/div>\n\t\t<div class=\"elementor-element elementor-element-e72563d e-con-full e-flex e-con e-child\" data-id=\"e72563d\" data-element_type=\"container\">\n\t\t\t\t<div class=\"elementor-element elementor-element-c769577 elementor-widget__width-inherit elementor-widget elementor-widget-image\" data-id=\"c769577\" data-element_type=\"widget\" data-widget_type=\"image.default\">\n\t\t\t\t\t\t\t\t\t\t\t\t\t\t\t<img loading=\"lazy\" decoding=\"async\" width=\"410\" height=\"274\" src=\"https:\/\/s-solutionphuquoc.com\/wp-content\/uploads\/2024\/07\/Fishing.png\" class=\"attachment-full size-full wp-image-8428\" alt=\"\" srcset=\"https:\/\/s-solutionphuquoc.com\/wp-content\/uploads\/2024\/07\/Fishing.png 410w, https:\/\/s-solutionphuquoc.com\/wp-content\/uploads\/2024\/07\/Fishing-300x200.png 300w\" sizes=\"(max-width: 410px) 100vw, 410px\" \/>\t\t\t\t\t\t\t\t\t\t\t\t\t\t\t<\/div>\n\t\t\t\t<div class=\"elementor-element elementor-element-f8eb5f0 elementor-widget elementor-widget-heading\" data-id=\"f8eb5f0\" data-element_type=\"widget\" data-widget_type=\"heading.default\">\n\t\t\t\t\t<h3 class=\"elementor-heading-title elementor-size-default\">Tr\u1ea3i nghi\u1ec7m c\u00e2u c\u00e1 v\u00e0 c\u00e2u m\u1ef1c \u0111\u00eam\u200b<\/h3>\t\t\t\t<\/div>\n\t\t\t\t<div class=\"elementor-element elementor-element-9ec480c elementor-widget elementor-widget-text-editor\" data-id=\"9ec480c\" data-element_type=\"widget\" data-widget_type=\"text-editor.default\">\n\t\t\t\t\t\t\t\t\t<p>L\u00ean thuy\u1ec1n c\u00f9ng ng\u01b0 d\u00e2n ra kh\u01a1i, t\u1eadn tay c\u00e2u c\u00e1, c\u00e2u m\u1ef1c v\u00e0 th\u01b0\u1edfng th\u1ee9c h\u1ea3i s\u1ea3n t\u01b0\u01a1i ngon ngay tr\u00ean t\u00e0u, c\u1ea3m nh\u1eadn kh\u00f4ng kh\u00ed bi\u1ec3n \u0111\u00eam m\u00e1t l\u00e0nh.<\/p>\t\t\t\t\t\t\t\t<\/div>\n\t\t\t\t<div class=\"elementor-element elementor-element-98adfd6 elementor-widget-divider--view-line elementor-widget elementor-widget-divider\" data-id=\"98adfd6\" data-element_type=\"widget\" data-widget_type=\"divider.default\">\n\t\t\t\t\t\t\t<div class=\"elementor-divider\">\n\t\t\t<span class=\"elementor-divider-separator\">\n\t\t\t\t\t\t<\/span>\n\t\t<\/div>\n\t\t\t\t\t\t<\/div>\n\t\t\t\t<div class=\"elementor-element elementor-element-cc8d257 elementor-widget__width-initial elementor-widget elementor-widget-text-editor\" data-id=\"cc8d257\" data-element_type=\"widget\" data-widget_type=\"text-editor.default\">\n\t\t\t\t\t\t\t\t\t<p>PHUQUOC<\/p>\t\t\t\t\t\t\t\t<\/div>\n\t\t\t\t<div class=\"elementor-element elementor-element-7130064 elementor-align-right elementor-widget__width-initial elementor-widget elementor-widget-button\" data-id=\"7130064\" data-element_type=\"widget\" data-widget_type=\"button.default\">\n\t\t\t\t\t\t\t\t\t\t<a class=\"elementor-button elementor-button-link elementor-size-sm\" href=\"https:\/\/s-solutionphuquoc.com\/en\/luot-song-hoac-luot-van-buom-tai-bai-truong\/\">\n\t\t\t\t\t\t<span class=\"elementor-button-content-wrapper\">\n\t\t\t\t\t\t\t\t\t<span class=\"elementor-button-text\">See details<\/span>\n\t\t\t\t\t<\/span>\n\t\t\t\t\t<\/a>\n\t\t\t\t\t\t\t\t<\/div>\n\t\t\t\t<\/div>\n\t\t\t\t\t<\/div>\n\t\t\t\t<\/div>\n\t\t\t\t<\/div>","protected":false},"excerpt":{"rendered":"<p>Home Ho\u1ea1t \u0111\u1ed9ng &amp; Tr\u1ea3i nghi\u1ec7m Ch\u00e0o m\u1eebng b\u1ea1n \u0111\u1ebfn v\u1edbi b\u00e3i bi\u1ec3n, n\u01a1i n\u1eafng v\u00e0ng, c\u00e1t tr\u1eafng v\u00e0 bi\u1ec3n xanh v\u1eaby g\u1ecdi cho nh\u1eefng ph\u00fat gi\u00e2y vui ch\u01a1i v\u00e0 th\u01b0 gi\u00e3n b\u1ea5t t\u1eadn! B\u00ean ti\u1ebfng s\u00f3ng bi\u1ec3n d\u1ecbu \u00eam, b\u1ea1n s\u1ebd kh\u00e1m ph\u00e1 v\u00f4 v\u00e0n ho\u1ea1t \u0111\u1ed9ng th\u00fa v\u1ecb \u0111ang ch\u1edd \u0111\u00f3n. \u0110\u1eb7t ph\u00f2ng [&hellip;]<\/p>","protected":false},"author":1,"featured_media":0,"parent":0,"menu_order":0,"comment_status":"closed","ping_status":"closed","template":"elementor_header_footer","meta":{"footnotes":""},"class_list":["post-10549","page","type-page","status-publish","hentry"],"_links":{"self":[{"href":"https:\/\/s-solutionphuquoc.com\/en\/wp-json\/wp\/v2\/pages\/10549","targetHints":{"allow":["GET"]}}],"collection":[{"href":"https:\/\/s-solutionphuquoc.com\/en\/wp-json\/wp\/v2\/pages"}],"about":[{"href":"https:\/\/s-solutionphuquoc.com\/en\/wp-json\/wp\/v2\/types\/page"}],"author":[{"embeddable":true,"href":"https:\/\/s-solutionphuquoc.com\/en\/wp-json\/wp\/v2\/users\/1"}],"replies":[{"embeddable":true,"href":"https:\/\/s-solutionphuquoc.com\/en\/wp-json\/wp\/v2\/comments?post=10549"}],"version-history":[{"count":0,"href":"https:\/\/s-solutionphuquoc.com\/en\/wp-json\/wp\/v2\/pages\/10549\/revisions"}],"wp:attachment":[{"href":"https:\/\/s-solutionphuquoc.com\/en\/wp-json\/wp\/v2\/media?parent=10549"}],"curies":[{"name":"wp","href":"https:\/\/api.w.org\/{rel}","templated":true}]}}